{"id":79294,"date":"2026-04-01T11:23:48","date_gmt":"2026-04-01T15:23:48","guid":{"rendered":"https:\/\/equiton.com\/richard-e-austin\/"},"modified":"2026-04-01T11:25:12","modified_gmt":"2026-04-01T15:25:12","slug":"richard-e-austin","status":"publish","type":"page","link":"https:\/\/equiton.com\/fr\/richard-e-austin\/","title":{"rendered":"Richard E. Austin"},"content":{"rendered":"<p><div class=\"fusion-fullwidth fullwidth-box fusion-builder-row-1 fusion-flex-container nonhundred-percent-fullwidth non-hundred-percent-height-scrolling\" style=\"background-color: rgba(255,255,255,0);background-position: center center;background-repeat: no-repeat;border-width: 0px 0px 0px 0px;border-color:var(--awb-color3);border-style:solid;\" ><div class=\"fusion-builder-row fusion-row fusion-flex-align-items-flex-start\" style=\"max-width:1560px;margin-left: calc(-4% \/ 2 );margin-right: calc(-4% \/ 2 );\"><div class=\"fusion-layout-column fusion_builder_column fusion-builder-column-0 fusion_builder_column_3_4 3_4 fusion-flex-column fusion-animated\" data-animationType=\"slideInLeft\" data-animationDuration=\"2.0\" data-animationOffset=\"top-into-view\"><div class=\"fusion-column-wrapper fusion-flex-justify-content-flex-start fusion-content-layout-column\" style=\"background-position:left top;background-repeat:no-repeat;-webkit-background-size:cover;-moz-background-size:cover;-o-background-size:cover;background-size:cover;padding: 0px 0px 0px 0px;\"><div ><style>.fusion-body .fusion-button.button-1{border-radius:0px 0px 0px 0px;}<\/style><a class=\"fusion-button button-flat fusion-button-default-size button-default button-1 fusion-button-default-span fusion-button-default-type back-button\" target=\"_self\" onclick=\"history.back(-1)\" style=\"margin-top:20px;\"><span class=\"fusion-button-text\">Retour<\/span><\/a><\/div><\/div><style type=\"text\/css\">.fusion-body .fusion-builder-column-0{width:75% !important;margin-top : 0px;margin-bottom : 0px;}.fusion-builder-column-0 > .fusion-column-wrapper {padding-top : 0px !important;padding-right : 0px !important;margin-right : 2.56%;padding-bottom : 0px !important;padding-left : 0px !important;margin-left : 2.56%;}@media only screen and (max-width:1200px) {.fusion-body .fusion-builder-column-0{width:75% !important;order : 0;}.fusion-builder-column-0 > .fusion-column-wrapper {margin-right : 2.56%;margin-left : 2.56%;}}@media only screen and (max-width:700px) {.fusion-body .fusion-builder-column-0{width:100% !important;order : 0;}.fusion-builder-column-0 > .fusion-column-wrapper {margin-right : 1.92%;margin-left : 1.92%;}}<\/style><\/div><\/div><style type=\"text\/css\">.fusion-body .fusion-flex-container.fusion-builder-row-1{ padding-top : 0px;margin-top : 60px;padding-right : 0px;padding-bottom : 0px;margin-bottom : 0px;padding-left : 0px;}<\/style><\/div><div class=\"fusion-fullwidth fullwidth-box fusion-builder-row-2 fusion-flex-container nonhundred-percent-fullwidth non-hundred-percent-height-scrolling\" style=\"background-color: rgba(255,255,255,0);background-position: center center;background-repeat: no-repeat;border-width: 0px 0px 0px 0px;border-color:var(--awb-color3);border-style:solid;\" ><div class=\"fusion-builder-row fusion-row fusion-flex-align-items-flex-start\" style=\"max-width:1560px;margin-left: calc(-4% \/ 2 );margin-right: calc(-4% \/ 2 );\"><div class=\"fusion-layout-column fusion_builder_column fusion-builder-column-1 fusion_builder_column_1_1 1_1 fusion-flex-column fusion-animated\" data-animationType=\"fadeInUp\" data-animationDuration=\"2.0\" data-animationOffset=\"top-into-view\"><div class=\"fusion-column-wrapper fusion-flex-justify-content-flex-start fusion-content-layout-column\" style=\"background-position:left top;background-repeat:no-repeat;-webkit-background-size:cover;-moz-background-size:cover;-o-background-size:cover;background-size:cover;padding: 0px 0px 0px 0px;\"><style>\/*  div wrapped around entire staff list  *\/\r\n    div.staff-member-listing {\r\n}\r\n\/*  div wrapped around each staff member  *\/\r\ndiv.staff-member {\r\n    padding-bottom: 2em;\r\n    border-bottom: thin dotted #aaa;\r\n}\r\n\/*  Even staff member  *\/\r\ndiv.staff-member.even {\r\n}\r\n\/*  Odd staff member  *\/\r\ndiv.staff-member.odd {\r\n    margin-top: 2em;\r\n}\r\n\/*  Last staff member  *\/\r\ndiv.staff-member.last {\r\n    padding-bottom: 0;\r\n    border: none;\r\n}\r\n\/*  Wrap around staff info  *\/\r\n.staff-member-info-wrap {\r\n    float: left;\r\n    width: 70%;\r\n    margin-left: 3%;\r\n}\r\n\/*  [staff-bio-formatted]  *\/\r\ndiv.staff-member-bio {\r\n}\r\n\/*  p tags within [staff-bio-formatted]  *\/\r\ndiv.staff-member-bio p {\r\n}\r\n\/*  [staff-photo]  *\/\r\nimg.staff-member-photo {\r\n    float: left;\r\n}\r\n\/*  [staff-email-link]  *\/\r\n.staff-member-email {\r\n}\r\n\/*  [staff-name-formatted]  *\/\r\ndiv.staff-member-listing h3.staff-member-name {\r\n    margin: 0;\r\n}\r\n\/*  [staff-position-formatted]  *\/\r\ndiv.staff-member-listing h4.staff-member-position {\r\n    margin: 0;\r\n    font-style: italic;\r\n}\r\n\/* Clearfix for div.staff-member *\/\r\ndiv.staff-member:after {\r\n    content: &quot;&quot;;\r\n    display: block;\r\n    clear: both;\r\n}\r\n\/* Clearfix for &lt;= IE7 *\/\r\n* html div.staff-member { height: 1%; }\r\ndiv.staff-member { display: block; }\r\n<\/style><div class=\"staff-member-listing \"><div class=\"staff-member even  last\">\r\n    <img decoding=\"async\" class=\"staff-member-photo\" src=\"https:\/\/equiton.com\/wp-content\/uploads\/2023\/09\/Richard_A_New_Back_Web.avif\" alt=\"Richard E. Austin : Fiduciaire ind\u00e9pendant et membre du conseil\">\r\n    <div class=\"staff-member-info-wrap\">\r\n        <h1> Richard E. Austin <\/h1>\r\n        <h4 class=\"staff-member-position\">Fiduciaire ind\u00e9pendant et membre du conseil<\/h4>\r\n        <div class=\"staff-member-bio\"><p>Richard E. Austin poss\u00e8de plus de 30 ans d\u2019exp\u00e9rience dans les services financiers, le droit et la gestion d\u2019actifs. Il a conseill\u00e9 des soci\u00e9t\u00e9s d\u2019investissement, des gestionnaires de portefeuille et des institutions financi\u00e8res sur les questions de conformit\u00e9, de gouvernance et de r\u00e9glementation. Il pr\u00e9side actuellement le comit\u00e9 d\u2019investissement de la Credit Counselling Society et si\u00e8ge \u00e0 plusieurs conseils d\u2019administration et comit\u00e9s, notamment ceux de l\u2019Office ontarien du secteur des condominiums et de la Facility Association. <\/p>\n<p>Richard poss\u00e8de une expertise approfondie en mati\u00e8re de gouvernance, de d\u00e9veloppement de produits financiers et de gestion des risques. Son exp\u00e9rience juridique et ex\u00e9cutive couvre les secteurs de la banque, des valeurs mobili\u00e8res, des technologies financi\u00e8res et de la conformit\u00e9 d\u2019entreprise, ce qui lui conf\u00e8re une connaissance pratique de la supervision organisationnelle. Il d\u00e9tient un baccalaur\u00e9at sp\u00e9cialis\u00e9 en \u00e9conomie de l\u2019Universit\u00e9 de Toronto, un baccalaur\u00e9at en droit de l\u2019Universit\u00e9 de Windsor, une ma\u00eetrise en administration des affaires (MBA) en finance et comptabilit\u00e9 de l\u2019Universit\u00e9 York et est dipl\u00f4m\u00e9 du programme de l\u2019Institut des administrateurs de soci\u00e9t\u00e9s (IAS) de la Rotman School of Business. <\/p>\n<\/div>\r\n        \r\n    <\/div>\r\n<\/div> <!-- Close staff-member --><\/div> <!-- Close staff-member-listing --><\/div><style type=\"text\/css\">.fusion-body .fusion-builder-column-1{width:100% !important;margin-top : 0px;margin-bottom : 20px;}.fusion-builder-column-1 > .fusion-column-wrapper {padding-top : 0px !important;padding-right : 0px !important;margin-right : 1.92%;padding-bottom : 0px !important;padding-left : 0px !important;margin-left : 100px;}@media only screen and (max-width:1200px) {.fusion-body .fusion-builder-column-1{width:100% !important;order : 0;}.fusion-builder-column-1 > .fusion-column-wrapper {margin-right : 1.92%;margin-left : 100px;}}@media only screen and (max-width:700px) {.fusion-body .fusion-builder-column-1{width:100% !important;order : 0;}.fusion-builder-column-1 > .fusion-column-wrapper {margin-right : 1.92%;margin-left : 1.92%;}}<\/style><\/div><\/div><style type=\"text\/css\">.fusion-body .fusion-flex-container.fusion-builder-row-2{ padding-top : 0px;margin-top : 60px;padding-right : 0px;padding-bottom : 0px;margin-bottom : 0px;padding-left : 0px;}<\/style><\/div><\/p>\n","protected":false},"excerpt":{"rendered":"","protected":false},"author":6,"featured_media":0,"parent":0,"menu_order":0,"comment_status":"closed","ping_status":"closed","template":"100-width.php","meta":{"_acf_changed":false,"om_disable_all_campaigns":false,"inline_featured_image":false,"footnotes":"","_links_to":"","_links_to_target":""},"class_list":["post-79294","page","type-page","status-publish","hentry"],"acf":[],"yoast_head":"<!-- This site is optimized with the Yoast SEO Premium plugin v27.4 (Yoast SEO v27.4) - https:\/\/yoast.com\/product\/yoast-seo-premium-wordpress\/ -->\n<title>Richard E. Austin - Equiton<\/title>\n<meta name=\"description\" content=\"Richard E. Austin poss\u00e8de plus de 30 ans d\u2019exp\u00e9rience dans les services financiers, le droit et la gestion d\u2019actifs.\" \/>\n<meta name=\"robots\" content=\"index, follow, max-snippet:-1, max-image-preview:large, max-video-preview:-1\" \/>\n<link rel=\"canonical\" href=\"https:\/\/equiton.com\/fr\/richard-e-austin\/\" \/>\n<meta property=\"og:locale\" content=\"fr_CA\" \/>\n<meta property=\"og:type\" content=\"article\" \/>\n<meta property=\"og:title\" content=\"Richard E. Austin\" \/>\n<meta property=\"og:description\" content=\"Richard E. Austin poss\u00e8de plus de 30 ans d\u2019exp\u00e9rience dans les services financiers, le droit et la gestion d\u2019actifs.\" \/>\n<meta property=\"og:url\" content=\"https:\/\/equiton.com\/fr\/richard-e-austin\/\" \/>\n<meta property=\"og:site_name\" content=\"Equiton\" \/>\n<meta property=\"article:publisher\" content=\"https:\/\/www.facebook.com\/equitoninc\" \/>\n<meta property=\"article:modified_time\" content=\"2026-04-01T15:25:12+00:00\" \/>\n<meta name=\"twitter:card\" content=\"summary_large_image\" \/>\n<meta name=\"twitter:site\" content=\"@EquitonInc\" \/>\n<meta name=\"twitter:label1\" content=\"Estimation du temps de lecture\" \/>\n\t<meta name=\"twitter:data1\" content=\"7 minutes\" \/>\n<script type=\"application\/ld+json\" class=\"yoast-schema-graph\">{\"@context\":\"https:\\\/\\\/schema.org\",\"@graph\":[{\"@type\":\"WebPage\",\"@id\":\"https:\\\/\\\/equiton.com\\\/fr\\\/richard-e-austin\\\/\",\"url\":\"https:\\\/\\\/equiton.com\\\/fr\\\/richard-e-austin\\\/\",\"name\":\"Richard E. Austin - Equiton\",\"isPartOf\":{\"@id\":\"https:\\\/\\\/equiton.com\\\/fr\\\/#website\"},\"datePublished\":\"2026-04-01T15:23:48+00:00\",\"dateModified\":\"2026-04-01T15:25:12+00:00\",\"description\":\"Richard E. Austin poss\u00e8de plus de 30 ans d\u2019exp\u00e9rience dans les services financiers, le droit et la gestion d\u2019actifs.\",\"breadcrumb\":{\"@id\":\"https:\\\/\\\/equiton.com\\\/fr\\\/richard-e-austin\\\/#breadcrumb\"},\"inLanguage\":\"fr-CA\",\"potentialAction\":[{\"@type\":\"ReadAction\",\"target\":[\"https:\\\/\\\/equiton.com\\\/fr\\\/richard-e-austin\\\/\"]}]},{\"@type\":\"BreadcrumbList\",\"@id\":\"https:\\\/\\\/equiton.com\\\/fr\\\/richard-e-austin\\\/#breadcrumb\",\"itemListElement\":[{\"@type\":\"ListItem\",\"position\":1,\"name\":\"Home\",\"item\":\"https:\\\/\\\/equiton.com\\\/fr\\\/\"},{\"@type\":\"ListItem\",\"position\":2,\"name\":\"Richard E. Austin\"}]},{\"@type\":\"WebSite\",\"@id\":\"https:\\\/\\\/equiton.com\\\/fr\\\/#website\",\"url\":\"https:\\\/\\\/equiton.com\\\/fr\\\/\",\"name\":\"Equiton\",\"description\":\"\",\"publisher\":{\"@id\":\"https:\\\/\\\/equiton.com\\\/fr\\\/#organization\"},\"potentialAction\":[{\"@type\":\"SearchAction\",\"target\":{\"@type\":\"EntryPoint\",\"urlTemplate\":\"https:\\\/\\\/equiton.com\\\/fr\\\/?s={search_term_string}\"},\"query-input\":{\"@type\":\"PropertyValueSpecification\",\"valueRequired\":true,\"valueName\":\"search_term_string\"}}],\"inLanguage\":\"fr-CA\"},{\"@type\":\"Organization\",\"@id\":\"https:\\\/\\\/equiton.com\\\/fr\\\/#organization\",\"name\":\"Equiton\",\"url\":\"https:\\\/\\\/equiton.com\\\/fr\\\/\",\"logo\":{\"@type\":\"ImageObject\",\"inLanguage\":\"fr-CA\",\"@id\":\"https:\\\/\\\/equiton.com\\\/fr\\\/#\\\/schema\\\/logo\\\/image\\\/\",\"url\":\"https:\\\/\\\/equiton.com\\\/wp-content\\\/uploads\\\/2022\\\/06\\\/Equiton-Logo-Placeholder.jpg\",\"contentUrl\":\"https:\\\/\\\/equiton.com\\\/wp-content\\\/uploads\\\/2022\\\/06\\\/Equiton-Logo-Placeholder.jpg\",\"width\":455,\"height\":312,\"caption\":\"Equiton\"},\"image\":{\"@id\":\"https:\\\/\\\/equiton.com\\\/fr\\\/#\\\/schema\\\/logo\\\/image\\\/\"},\"sameAs\":[\"https:\\\/\\\/www.facebook.com\\\/equitoninc\",\"https:\\\/\\\/x.com\\\/EquitonInc\",\"https:\\\/\\\/ca.linkedin.com\\\/company\\\/equiton-partners\",\"https:\\\/\\\/www.instagram.com\\\/equitoninc\\\/\",\"https:\\\/\\\/www.youtube.com\\\/channel\\\/UC4ro7mDHFhzZX31YZ88Fg6Q\"],\"description\":\"Equiton invests in residential and commercial properties and have significant and growing assets under management. Our exponential growth is a direct result of our leadership team\u2019s deep understanding of real estate investing, and their expertise in navigating the real estate industry to produce long-term wealth for our investors. We have the resources and expertise to find the right properties, perform the proper due diligence and build strong relationships. We ensure our properties continue to increase in value by actively managing each property. In essence, we know what to buy to generate value for our investors.\",\"email\":\"inquiries@equiton.com\",\"telephone\":\"9056351381\",\"legalName\":\"Equiton Inc.\",\"foundingDate\":\"2015-01-01\",\"taxID\":\"BN\",\"duns\":\"203513643\",\"naics\":\"523920\",\"numberOfEmployees\":{\"@type\":\"QuantitativeValue\",\"minValue\":\"201\",\"maxValue\":\"500\"}}]}<\/script>\n<!-- \/ Yoast SEO Premium plugin. -->","yoast_head_json":{"title":"Richard E. Austin - Equiton","description":"Richard E. Austin poss\u00e8de plus de 30 ans d\u2019exp\u00e9rience dans les services financiers, le droit et la gestion d\u2019actifs.","robots":{"index":"index","follow":"follow","max-snippet":"max-snippet:-1","max-image-preview":"max-image-preview:large","max-video-preview":"max-video-preview:-1"},"canonical":"https:\/\/equiton.com\/fr\/richard-e-austin\/","og_locale":"fr_CA","og_type":"article","og_title":"Richard E. Austin","og_description":"Richard E. Austin poss\u00e8de plus de 30 ans d\u2019exp\u00e9rience dans les services financiers, le droit et la gestion d\u2019actifs.","og_url":"https:\/\/equiton.com\/fr\/richard-e-austin\/","og_site_name":"Equiton","article_publisher":"https:\/\/www.facebook.com\/equitoninc","article_modified_time":"2026-04-01T15:25:12+00:00","twitter_card":"summary_large_image","twitter_site":"@EquitonInc","twitter_misc":{"Estimation du temps de lecture":"7 minutes"},"schema":{"@context":"https:\/\/schema.org","@graph":[{"@type":"WebPage","@id":"https:\/\/equiton.com\/fr\/richard-e-austin\/","url":"https:\/\/equiton.com\/fr\/richard-e-austin\/","name":"Richard E. Austin - Equiton","isPartOf":{"@id":"https:\/\/equiton.com\/fr\/#website"},"datePublished":"2026-04-01T15:23:48+00:00","dateModified":"2026-04-01T15:25:12+00:00","description":"Richard E. Austin poss\u00e8de plus de 30 ans d\u2019exp\u00e9rience dans les services financiers, le droit et la gestion d\u2019actifs.","breadcrumb":{"@id":"https:\/\/equiton.com\/fr\/richard-e-austin\/#breadcrumb"},"inLanguage":"fr-CA","potentialAction":[{"@type":"ReadAction","target":["https:\/\/equiton.com\/fr\/richard-e-austin\/"]}]},{"@type":"BreadcrumbList","@id":"https:\/\/equiton.com\/fr\/richard-e-austin\/#breadcrumb","itemListElement":[{"@type":"ListItem","position":1,"name":"Home","item":"https:\/\/equiton.com\/fr\/"},{"@type":"ListItem","position":2,"name":"Richard E. Austin"}]},{"@type":"WebSite","@id":"https:\/\/equiton.com\/fr\/#website","url":"https:\/\/equiton.com\/fr\/","name":"Equiton","description":"","publisher":{"@id":"https:\/\/equiton.com\/fr\/#organization"},"potentialAction":[{"@type":"SearchAction","target":{"@type":"EntryPoint","urlTemplate":"https:\/\/equiton.com\/fr\/?s={search_term_string}"},"query-input":{"@type":"PropertyValueSpecification","valueRequired":true,"valueName":"search_term_string"}}],"inLanguage":"fr-CA"},{"@type":"Organization","@id":"https:\/\/equiton.com\/fr\/#organization","name":"Equiton","url":"https:\/\/equiton.com\/fr\/","logo":{"@type":"ImageObject","inLanguage":"fr-CA","@id":"https:\/\/equiton.com\/fr\/#\/schema\/logo\/image\/","url":"https:\/\/equiton.com\/wp-content\/uploads\/2022\/06\/Equiton-Logo-Placeholder.jpg","contentUrl":"https:\/\/equiton.com\/wp-content\/uploads\/2022\/06\/Equiton-Logo-Placeholder.jpg","width":455,"height":312,"caption":"Equiton"},"image":{"@id":"https:\/\/equiton.com\/fr\/#\/schema\/logo\/image\/"},"sameAs":["https:\/\/www.facebook.com\/equitoninc","https:\/\/x.com\/EquitonInc","https:\/\/ca.linkedin.com\/company\/equiton-partners","https:\/\/www.instagram.com\/equitoninc\/","https:\/\/www.youtube.com\/channel\/UC4ro7mDHFhzZX31YZ88Fg6Q"],"description":"Equiton invests in residential and commercial properties and have significant and growing assets under management. Our exponential growth is a direct result of our leadership team\u2019s deep understanding of real estate investing, and their expertise in navigating the real estate industry to produce long-term wealth for our investors. We have the resources and expertise to find the right properties, perform the proper due diligence and build strong relationships. We ensure our properties continue to increase in value by actively managing each property. In essence, we know what to buy to generate value for our investors.","email":"inquiries@equiton.com","telephone":"9056351381","legalName":"Equiton Inc.","foundingDate":"2015-01-01","taxID":"BN","duns":"203513643","naics":"523920","numberOfEmployees":{"@type":"QuantitativeValue","minValue":"201","maxValue":"500"}}]}},"_links":{"self":[{"href":"https:\/\/equiton.com\/fr\/wp-json\/wp\/v2\/pages\/79294","targetHints":{"allow":["GET"]}}],"collection":[{"href":"https:\/\/equiton.com\/fr\/wp-json\/wp\/v2\/pages"}],"about":[{"href":"https:\/\/equiton.com\/fr\/wp-json\/wp\/v2\/types\/page"}],"author":[{"embeddable":true,"href":"https:\/\/equiton.com\/fr\/wp-json\/wp\/v2\/users\/6"}],"replies":[{"embeddable":true,"href":"https:\/\/equiton.com\/fr\/wp-json\/wp\/v2\/comments?post=79294"}],"version-history":[{"count":0,"href":"https:\/\/equiton.com\/fr\/wp-json\/wp\/v2\/pages\/79294\/revisions"}],"wp:attachment":[{"href":"https:\/\/equiton.com\/fr\/wp-json\/wp\/v2\/media?parent=79294"}],"curies":[{"name":"wp","href":"https:\/\/api.w.org\/{rel}","templated":true}]}}