{"id":77101,"date":"2026-02-09T13:59:13","date_gmt":"2026-02-09T18:59:13","guid":{"rendered":"https:\/\/equiton.com\/roberto-geremia\/"},"modified":"2026-02-09T14:00:10","modified_gmt":"2026-02-09T19:00:10","slug":"roberto-geremia","status":"publish","type":"page","link":"https:\/\/equiton.com\/fr\/roberto-geremia\/","title":{"rendered":"Roberto Geremia"},"content":{"rendered":"<p><div class=\"fusion-fullwidth fullwidth-box fusion-builder-row-1 fusion-flex-container nonhundred-percent-fullwidth non-hundred-percent-height-scrolling\" style=\"background-color: rgba(255,255,255,0);background-position: center center;background-repeat: no-repeat;border-width: 0px 0px 0px 0px;border-color:var(--awb-color3);border-style:solid;\" ><div class=\"fusion-builder-row fusion-row fusion-flex-align-items-flex-start\" style=\"max-width:1560px;margin-left: calc(-4% \/ 2 );margin-right: calc(-4% \/ 2 );\"><div class=\"fusion-layout-column fusion_builder_column fusion-builder-column-0 fusion_builder_column_3_4 3_4 fusion-flex-column fusion-animated\" data-animationType=\"slideInLeft\" data-animationDuration=\"2.0\" data-animationOffset=\"top-into-view\"><div class=\"fusion-column-wrapper fusion-flex-justify-content-flex-start fusion-content-layout-column\" style=\"background-position:left top;background-repeat:no-repeat;-webkit-background-size:cover;-moz-background-size:cover;-o-background-size:cover;background-size:cover;padding: 0px 0px 0px 0px;\"><div ><style>.fusion-body .fusion-button.button-1{border-radius:0px 0px 0px 0px;}<\/style><a class=\"fusion-button button-flat fusion-button-default-size button-default button-1 fusion-button-default-span fusion-button-default-type back-button\" target=\"_self\" onclick=\"history.back(-1)\" style=\"margin-top:20px;\"><span class=\"fusion-button-text\">Retour<\/span><\/a><\/div><\/div><style type=\"text\/css\">.fusion-body .fusion-builder-column-0{width:75% !important;margin-top : 0px;margin-bottom : 0px;}.fusion-builder-column-0 > .fusion-column-wrapper {padding-top : 0px !important;padding-right : 0px !important;margin-right : 2.56%;padding-bottom : 0px !important;padding-left : 0px !important;margin-left : 2.56%;}@media only screen and (max-width:1200px) {.fusion-body .fusion-builder-column-0{width:75% !important;order : 0;}.fusion-builder-column-0 > .fusion-column-wrapper {margin-right : 2.56%;margin-left : 2.56%;}}@media only screen and (max-width:700px) {.fusion-body .fusion-builder-column-0{width:100% !important;order : 0;}.fusion-builder-column-0 > .fusion-column-wrapper {margin-right : 1.92%;margin-left : 1.92%;}}<\/style><\/div><\/div><style type=\"text\/css\">.fusion-body .fusion-flex-container.fusion-builder-row-1{ padding-top : 0px;margin-top : 60px;padding-right : 0px;padding-bottom : 0px;margin-bottom : 0px;padding-left : 0px;}<\/style><\/div><div class=\"fusion-fullwidth fullwidth-box fusion-builder-row-2 fusion-flex-container nonhundred-percent-fullwidth non-hundred-percent-height-scrolling\" style=\"background-color: rgba(255,255,255,0);background-position: center center;background-repeat: no-repeat;border-width: 0px 0px 0px 0px;border-color:var(--awb-color3);border-style:solid;\" ><div class=\"fusion-builder-row fusion-row fusion-flex-align-items-flex-start\" style=\"max-width:1560px;margin-left: calc(-4% \/ 2 );margin-right: calc(-4% \/ 2 );\"><div class=\"fusion-layout-column fusion_builder_column fusion-builder-column-1 fusion_builder_column_1_1 1_1 fusion-flex-column fusion-animated\" data-animationType=\"fadeInUp\" data-animationDuration=\"2.0\" data-animationOffset=\"top-into-view\"><div class=\"fusion-column-wrapper fusion-flex-justify-content-flex-start fusion-content-layout-column\" style=\"background-position:left top;background-repeat:no-repeat;-webkit-background-size:cover;-moz-background-size:cover;-o-background-size:cover;background-size:cover;padding: 0px 0px 0px 0px;\"><style>\/*  div wrapped around entire staff list  *\/\r\n    div.staff-member-listing {\r\n}\r\n\/*  div wrapped around each staff member  *\/\r\ndiv.staff-member {\r\n    padding-bottom: 2em;\r\n    border-bottom: thin dotted #aaa;\r\n}\r\n\/*  Even staff member  *\/\r\ndiv.staff-member.even {\r\n}\r\n\/*  Odd staff member  *\/\r\ndiv.staff-member.odd {\r\n    margin-top: 2em;\r\n}\r\n\/*  Last staff member  *\/\r\ndiv.staff-member.last {\r\n    padding-bottom: 0;\r\n    border: none;\r\n}\r\n\/*  Wrap around staff info  *\/\r\n.staff-member-info-wrap {\r\n    float: left;\r\n    width: 70%;\r\n    margin-left: 3%;\r\n}\r\n\/*  [staff-bio-formatted]  *\/\r\ndiv.staff-member-bio {\r\n}\r\n\/*  p tags within [staff-bio-formatted]  *\/\r\ndiv.staff-member-bio p {\r\n}\r\n\/*  [staff-photo]  *\/\r\nimg.staff-member-photo {\r\n    float: left;\r\n}\r\n\/*  [staff-email-link]  *\/\r\n.staff-member-email {\r\n}\r\n\/*  [staff-name-formatted]  *\/\r\ndiv.staff-member-listing h3.staff-member-name {\r\n    margin: 0;\r\n}\r\n\/*  [staff-position-formatted]  *\/\r\ndiv.staff-member-listing h4.staff-member-position {\r\n    margin: 0;\r\n    font-style: italic;\r\n}\r\n\/* Clearfix for div.staff-member *\/\r\ndiv.staff-member:after {\r\n    content: &quot;&quot;;\r\n    display: block;\r\n    clear: both;\r\n}\r\n\/* Clearfix for &lt;= IE7 *\/\r\n* html div.staff-member { height: 1%; }\r\ndiv.staff-member { display: block; }\r\n<\/style><div class=\"staff-member-listing \"><div class=\"staff-member even  last\">\r\n    <img decoding=\"async\" class=\"staff-member-photo\" src=\"https:\/\/equiton.com\/wp-content\/uploads\/2026\/01\/EMIFT_Board_Roberto_G_new_back_converted.avif\" alt=\"Roberto Geremia : membre ind\u00e9pendant du conseil d\u2019administration\u00a0\">\r\n    <div class=\"staff-member-info-wrap\">\r\n        <h1> Roberto Geremia <\/h1>\r\n        <h4 class=\"staff-member-position\">membre ind\u00e9pendant du conseil d\u2019administration\u00a0<\/h4>\r\n        <div class=\"staff-member-bio\"><p>Roberto Geremia poss\u00e8de plus de 30 ans d\u2019exp\u00e9rience dans les domaines de l\u2019immobilier, de la finance, de la gouvernance et du conseil strat\u00e9gique. Il a \u00e9t\u00e9 pr\u00e9sident de Boardwalk REIT, une soci\u00e9t\u00e9 cot\u00e9e en bourse dont la valeur d\u2019entreprise d\u00e9passe les 6 milliards de dollars, et a cofond\u00e9 RKG Consulting, une soci\u00e9t\u00e9 de conseil qui accompagne les organisations en mati\u00e8re de strat\u00e9gie, d\u2019op\u00e9rations, de finance, d\u2019ESG et d\u2019impact. <\/p>\n<p>Roberto poss\u00e8de une expertise approfondie en mati\u00e8re de gouvernance d\u2019entreprise, de gestion financi\u00e8re et d\u2019investissement et d\u2019exploitation immobili\u00e8re. Il a \u00e9galement \u00e9t\u00e9 conseiller principal aupr\u00e8s de conseils d\u2019administration et d\u2019\u00e9quipes de direction, leur fournissant des conseils en mati\u00e8re de gestion des risques, de march\u00e9s financiers et de transformation organisationnelle. Il est titulaire des titres FCPA, FCA et IAS.A et a \u00e9galement contribu\u00e9 \u00e0 l\u2019enseignement en tant que charg\u00e9 de cours \u00e0 la Haskayne School of Business de l\u2019Universit\u00e9 de Calgary, apportant ainsi une expertise strat\u00e9gique, op\u00e9rationnelle et en mati\u00e8re de gouvernance \u00e0 ses fonctions au sein des conseils d\u2019administration. <\/p>\n<\/div>\r\n        \r\n    <\/div>\r\n<\/div> <!-- Close staff-member --><\/div> <!-- Close staff-member-listing --><\/div><style type=\"text\/css\">.fusion-body .fusion-builder-column-1{width:100% !important;margin-top : 0px;margin-bottom : 20px;}.fusion-builder-column-1 > .fusion-column-wrapper {padding-top : 0px !important;padding-right : 0px !important;margin-right : 1.92%;padding-bottom : 0px !important;padding-left : 0px !important;margin-left : 100px;}@media only screen and (max-width:1200px) {.fusion-body .fusion-builder-column-1{width:100% !important;order : 0;}.fusion-builder-column-1 > .fusion-column-wrapper {margin-right : 1.92%;margin-left : 100px;}}@media only screen and (max-width:700px) {.fusion-body .fusion-builder-column-1{width:100% !important;order : 0;}.fusion-builder-column-1 > .fusion-column-wrapper {margin-right : 1.92%;margin-left : 1.92%;}}<\/style><\/div><\/div><style type=\"text\/css\">.fusion-body .fusion-flex-container.fusion-builder-row-2{ padding-top : 0px;margin-top : 60px;padding-right : 0px;padding-bottom : 0px;margin-bottom : 0px;padding-left : 0px;}<\/style><\/div><\/p>\n","protected":false},"excerpt":{"rendered":"","protected":false},"author":6,"featured_media":0,"parent":0,"menu_order":0,"comment_status":"closed","ping_status":"closed","template":"100-width.php","meta":{"_acf_changed":false,"om_disable_all_campaigns":false,"inline_featured_image":false,"footnotes":"","_links_to":"","_links_to_target":""},"class_list":["post-77101","page","type-page","status-publish","hentry"],"acf":[],"yoast_head":"<!-- This site is optimized with the Yoast SEO Premium plugin v27.4 (Yoast SEO v27.4) - https:\/\/yoast.com\/product\/yoast-seo-premium-wordpress\/ -->\n<title>Roberto Geremia - Equiton<\/title>\n<meta name=\"description\" content=\"Roberto Geremia poss\u00e8de plus de 30 ans d\u2019exp\u00e9rience dans les domaines de l\u2019immobilier, de la finance, de la gouvernance et du conseil strat\u00e9gique.\" \/>\n<meta name=\"robots\" content=\"index, follow, max-snippet:-1, max-image-preview:large, max-video-preview:-1\" \/>\n<link rel=\"canonical\" href=\"https:\/\/equiton.com\/fr\/roberto-geremia\/\" \/>\n<meta property=\"og:locale\" content=\"fr_CA\" \/>\n<meta property=\"og:type\" content=\"article\" \/>\n<meta property=\"og:title\" content=\"Roberto Geremia\" \/>\n<meta property=\"og:description\" content=\"Roberto Geremia poss\u00e8de plus de 30 ans d\u2019exp\u00e9rience dans les domaines de l\u2019immobilier, de la finance, de la gouvernance et du conseil strat\u00e9gique.\" \/>\n<meta property=\"og:url\" content=\"https:\/\/equiton.com\/fr\/roberto-geremia\/\" \/>\n<meta property=\"og:site_name\" content=\"Equiton\" \/>\n<meta property=\"article:publisher\" content=\"https:\/\/www.facebook.com\/equitoninc\" \/>\n<meta property=\"article:modified_time\" content=\"2026-02-09T19:00:10+00:00\" \/>\n<meta name=\"twitter:card\" content=\"summary_large_image\" \/>\n<meta name=\"twitter:site\" content=\"@EquitonInc\" \/>\n<meta name=\"twitter:label1\" content=\"Estimation du temps de lecture\" \/>\n\t<meta name=\"twitter:data1\" content=\"7 minutes\" \/>\n<script type=\"application\/ld+json\" class=\"yoast-schema-graph\">{\"@context\":\"https:\\\/\\\/schema.org\",\"@graph\":[{\"@type\":\"WebPage\",\"@id\":\"https:\\\/\\\/equiton.com\\\/fr\\\/roberto-geremia\\\/\",\"url\":\"https:\\\/\\\/equiton.com\\\/fr\\\/roberto-geremia\\\/\",\"name\":\"Roberto Geremia - Equiton\",\"isPartOf\":{\"@id\":\"https:\\\/\\\/equiton.com\\\/fr\\\/#website\"},\"datePublished\":\"2026-02-09T18:59:13+00:00\",\"dateModified\":\"2026-02-09T19:00:10+00:00\",\"description\":\"Roberto Geremia poss\u00e8de plus de 30 ans d\u2019exp\u00e9rience dans les domaines de l\u2019immobilier, de la finance, de la gouvernance et du conseil strat\u00e9gique.\",\"breadcrumb\":{\"@id\":\"https:\\\/\\\/equiton.com\\\/fr\\\/roberto-geremia\\\/#breadcrumb\"},\"inLanguage\":\"fr-CA\",\"potentialAction\":[{\"@type\":\"ReadAction\",\"target\":[\"https:\\\/\\\/equiton.com\\\/fr\\\/roberto-geremia\\\/\"]}]},{\"@type\":\"BreadcrumbList\",\"@id\":\"https:\\\/\\\/equiton.com\\\/fr\\\/roberto-geremia\\\/#breadcrumb\",\"itemListElement\":[{\"@type\":\"ListItem\",\"position\":1,\"name\":\"Home\",\"item\":\"https:\\\/\\\/equiton.com\\\/fr\\\/\"},{\"@type\":\"ListItem\",\"position\":2,\"name\":\"Roberto Geremia\"}]},{\"@type\":\"WebSite\",\"@id\":\"https:\\\/\\\/equiton.com\\\/fr\\\/#website\",\"url\":\"https:\\\/\\\/equiton.com\\\/fr\\\/\",\"name\":\"Equiton\",\"description\":\"\",\"publisher\":{\"@id\":\"https:\\\/\\\/equiton.com\\\/fr\\\/#organization\"},\"potentialAction\":[{\"@type\":\"SearchAction\",\"target\":{\"@type\":\"EntryPoint\",\"urlTemplate\":\"https:\\\/\\\/equiton.com\\\/fr\\\/?s={search_term_string}\"},\"query-input\":{\"@type\":\"PropertyValueSpecification\",\"valueRequired\":true,\"valueName\":\"search_term_string\"}}],\"inLanguage\":\"fr-CA\"},{\"@type\":\"Organization\",\"@id\":\"https:\\\/\\\/equiton.com\\\/fr\\\/#organization\",\"name\":\"Equiton\",\"url\":\"https:\\\/\\\/equiton.com\\\/fr\\\/\",\"logo\":{\"@type\":\"ImageObject\",\"inLanguage\":\"fr-CA\",\"@id\":\"https:\\\/\\\/equiton.com\\\/fr\\\/#\\\/schema\\\/logo\\\/image\\\/\",\"url\":\"https:\\\/\\\/equiton.com\\\/wp-content\\\/uploads\\\/2022\\\/06\\\/Equiton-Logo-Placeholder.jpg\",\"contentUrl\":\"https:\\\/\\\/equiton.com\\\/wp-content\\\/uploads\\\/2022\\\/06\\\/Equiton-Logo-Placeholder.jpg\",\"width\":455,\"height\":312,\"caption\":\"Equiton\"},\"image\":{\"@id\":\"https:\\\/\\\/equiton.com\\\/fr\\\/#\\\/schema\\\/logo\\\/image\\\/\"},\"sameAs\":[\"https:\\\/\\\/www.facebook.com\\\/equitoninc\",\"https:\\\/\\\/x.com\\\/EquitonInc\",\"https:\\\/\\\/ca.linkedin.com\\\/company\\\/equiton-partners\",\"https:\\\/\\\/www.instagram.com\\\/equitoninc\\\/\",\"https:\\\/\\\/www.youtube.com\\\/channel\\\/UC4ro7mDHFhzZX31YZ88Fg6Q\"],\"description\":\"Equiton invests in residential and commercial properties and have significant and growing assets under management. Our exponential growth is a direct result of our leadership team\u2019s deep understanding of real estate investing, and their expertise in navigating the real estate industry to produce long-term wealth for our investors. We have the resources and expertise to find the right properties, perform the proper due diligence and build strong relationships. We ensure our properties continue to increase in value by actively managing each property. In essence, we know what to buy to generate value for our investors.\",\"email\":\"inquiries@equiton.com\",\"telephone\":\"9056351381\",\"legalName\":\"Equiton Inc.\",\"foundingDate\":\"2015-01-01\",\"taxID\":\"BN\",\"duns\":\"203513643\",\"naics\":\"523920\",\"numberOfEmployees\":{\"@type\":\"QuantitativeValue\",\"minValue\":\"201\",\"maxValue\":\"500\"}}]}<\/script>\n<!-- \/ Yoast SEO Premium plugin. -->","yoast_head_json":{"title":"Roberto Geremia - Equiton","description":"Roberto Geremia poss\u00e8de plus de 30 ans d\u2019exp\u00e9rience dans les domaines de l\u2019immobilier, de la finance, de la gouvernance et du conseil strat\u00e9gique.","robots":{"index":"index","follow":"follow","max-snippet":"max-snippet:-1","max-image-preview":"max-image-preview:large","max-video-preview":"max-video-preview:-1"},"canonical":"https:\/\/equiton.com\/fr\/roberto-geremia\/","og_locale":"fr_CA","og_type":"article","og_title":"Roberto Geremia","og_description":"Roberto Geremia poss\u00e8de plus de 30 ans d\u2019exp\u00e9rience dans les domaines de l\u2019immobilier, de la finance, de la gouvernance et du conseil strat\u00e9gique.","og_url":"https:\/\/equiton.com\/fr\/roberto-geremia\/","og_site_name":"Equiton","article_publisher":"https:\/\/www.facebook.com\/equitoninc","article_modified_time":"2026-02-09T19:00:10+00:00","twitter_card":"summary_large_image","twitter_site":"@EquitonInc","twitter_misc":{"Estimation du temps de lecture":"7 minutes"},"schema":{"@context":"https:\/\/schema.org","@graph":[{"@type":"WebPage","@id":"https:\/\/equiton.com\/fr\/roberto-geremia\/","url":"https:\/\/equiton.com\/fr\/roberto-geremia\/","name":"Roberto Geremia - Equiton","isPartOf":{"@id":"https:\/\/equiton.com\/fr\/#website"},"datePublished":"2026-02-09T18:59:13+00:00","dateModified":"2026-02-09T19:00:10+00:00","description":"Roberto Geremia poss\u00e8de plus de 30 ans d\u2019exp\u00e9rience dans les domaines de l\u2019immobilier, de la finance, de la gouvernance et du conseil strat\u00e9gique.","breadcrumb":{"@id":"https:\/\/equiton.com\/fr\/roberto-geremia\/#breadcrumb"},"inLanguage":"fr-CA","potentialAction":[{"@type":"ReadAction","target":["https:\/\/equiton.com\/fr\/roberto-geremia\/"]}]},{"@type":"BreadcrumbList","@id":"https:\/\/equiton.com\/fr\/roberto-geremia\/#breadcrumb","itemListElement":[{"@type":"ListItem","position":1,"name":"Home","item":"https:\/\/equiton.com\/fr\/"},{"@type":"ListItem","position":2,"name":"Roberto Geremia"}]},{"@type":"WebSite","@id":"https:\/\/equiton.com\/fr\/#website","url":"https:\/\/equiton.com\/fr\/","name":"Equiton","description":"","publisher":{"@id":"https:\/\/equiton.com\/fr\/#organization"},"potentialAction":[{"@type":"SearchAction","target":{"@type":"EntryPoint","urlTemplate":"https:\/\/equiton.com\/fr\/?s={search_term_string}"},"query-input":{"@type":"PropertyValueSpecification","valueRequired":true,"valueName":"search_term_string"}}],"inLanguage":"fr-CA"},{"@type":"Organization","@id":"https:\/\/equiton.com\/fr\/#organization","name":"Equiton","url":"https:\/\/equiton.com\/fr\/","logo":{"@type":"ImageObject","inLanguage":"fr-CA","@id":"https:\/\/equiton.com\/fr\/#\/schema\/logo\/image\/","url":"https:\/\/equiton.com\/wp-content\/uploads\/2022\/06\/Equiton-Logo-Placeholder.jpg","contentUrl":"https:\/\/equiton.com\/wp-content\/uploads\/2022\/06\/Equiton-Logo-Placeholder.jpg","width":455,"height":312,"caption":"Equiton"},"image":{"@id":"https:\/\/equiton.com\/fr\/#\/schema\/logo\/image\/"},"sameAs":["https:\/\/www.facebook.com\/equitoninc","https:\/\/x.com\/EquitonInc","https:\/\/ca.linkedin.com\/company\/equiton-partners","https:\/\/www.instagram.com\/equitoninc\/","https:\/\/www.youtube.com\/channel\/UC4ro7mDHFhzZX31YZ88Fg6Q"],"description":"Equiton invests in residential and commercial properties and have significant and growing assets under management. Our exponential growth is a direct result of our leadership team\u2019s deep understanding of real estate investing, and their expertise in navigating the real estate industry to produce long-term wealth for our investors. We have the resources and expertise to find the right properties, perform the proper due diligence and build strong relationships. We ensure our properties continue to increase in value by actively managing each property. In essence, we know what to buy to generate value for our investors.","email":"inquiries@equiton.com","telephone":"9056351381","legalName":"Equiton Inc.","foundingDate":"2015-01-01","taxID":"BN","duns":"203513643","naics":"523920","numberOfEmployees":{"@type":"QuantitativeValue","minValue":"201","maxValue":"500"}}]}},"_links":{"self":[{"href":"https:\/\/equiton.com\/fr\/wp-json\/wp\/v2\/pages\/77101","targetHints":{"allow":["GET"]}}],"collection":[{"href":"https:\/\/equiton.com\/fr\/wp-json\/wp\/v2\/pages"}],"about":[{"href":"https:\/\/equiton.com\/fr\/wp-json\/wp\/v2\/types\/page"}],"author":[{"embeddable":true,"href":"https:\/\/equiton.com\/fr\/wp-json\/wp\/v2\/users\/6"}],"replies":[{"embeddable":true,"href":"https:\/\/equiton.com\/fr\/wp-json\/wp\/v2\/comments?post=77101"}],"version-history":[{"count":0,"href":"https:\/\/equiton.com\/fr\/wp-json\/wp\/v2\/pages\/77101\/revisions"}],"wp:attachment":[{"href":"https:\/\/equiton.com\/fr\/wp-json\/wp\/v2\/media?parent=77101"}],"curies":[{"name":"wp","href":"https:\/\/api.w.org\/{rel}","templated":true}]}}