{"id":35235,"date":"2023-09-25T09:27:25","date_gmt":"2023-09-25T13:27:25","guid":{"rendered":"https:\/\/equiton.com\/?page_id=35235"},"modified":"2025-05-05T09:25:29","modified_gmt":"2025-05-05T13:25:29","slug":"rose-baker","status":"publish","type":"page","link":"https:\/\/equiton.com\/fr\/investisseurs-individuels\/a-propos-dequiton\/equipes\/bio\/rose-baker\/","title":{"rendered":"Rose Baker"},"content":{"rendered":"<div class=\"fusion-fullwidth fullwidth-box fusion-builder-row-1 fusion-flex-container nonhundred-percent-fullwidth non-hundred-percent-height-scrolling\" style=\"background-color: rgba(255,255,255,0);background-position: center center;background-repeat: no-repeat;border-width: 0px 0px 0px 0px;border-color:var(--awb-color3);border-style:solid;\" ><div class=\"fusion-builder-row fusion-row fusion-flex-align-items-center fusion-flex-justify-content-center\" style=\"max-width:1560px;margin-left: calc(-4% \/ 2 );margin-right: calc(-4% \/ 2 );\"><div class=\"fusion-layout-column fusion_builder_column fusion-builder-column-0 fusion_builder_column_1_3 1_3 fusion-flex-column fusion-flex-align-self-center\"><div class=\"fusion-column-wrapper fusion-flex-justify-content-center fusion-content-layout-column\" style=\"background-position:left top;background-repeat:no-repeat;-webkit-background-size:cover;-moz-background-size:cover;-o-background-size:cover;background-size:cover;padding: 0px 0px 0px 0px;\"><div ><style>.fusion-body .fusion-button.button-1{border-radius:0px 0px 0px 0px;padding-bottom:-20px;}<\/style><a class=\"fusion-button button-flat fusion-button-default-size button-default button-1 fusion-button-default-span fusion-button-default-type back-button\" target=\"_self\" onclick=\"history.back(-1)\" style=\"margin-top:20px;\"><span class=\"fusion-button-text\">Retour<\/span><\/a><\/div><div class=\"fusion-video fusion-vimeo bio-video\" style=\"max-width:800px;max-height:1200px;align-self:flex-start; width:100%\"><div class=\"video-shortcode\"><iframe title=\"Vimeo video player 1\" src=\"https:\/\/player.vimeo.com\/video\/855147308?autoplay=0&autopause=0\" width=\"800\" height=\"1200\" allowfullscreen allow=\"autoplay; fullscreen\"><\/iframe><\/div><\/div><\/div><style type=\"text\/css\">.fusion-body .fusion-builder-column-0{width:33.333333333333% !important;margin-top : 0px;margin-bottom : 20px;}.fusion-builder-column-0 > .fusion-column-wrapper {padding-top : 0px !important;padding-right : 0px !important;margin-right : 5.76%;padding-bottom : 0px !important;padding-left : 0px !important;margin-left : 5.76%;}@media only screen and (max-width:1200px) {.fusion-body .fusion-builder-column-0{width:33.333333333333% !important;order : 0;}.fusion-builder-column-0 > .fusion-column-wrapper {margin-right : 5.76%;margin-left : 5.76%;}}@media only screen and (max-width:700px) {.fusion-body .fusion-builder-column-0{width:100% !important;order : 0;}.fusion-builder-column-0 > .fusion-column-wrapper {margin-right : 1.92%;margin-left : 1.92%;}}<\/style><\/div><div class=\"fusion-layout-column fusion_builder_column fusion-builder-column-1 fusion_builder_column_3_5 3_5 fusion-flex-column\"><div class=\"fusion-column-wrapper fusion-flex-justify-content-flex-start fusion-content-layout-column\" style=\"background-position:left top;background-repeat:no-repeat;-webkit-background-size:cover;-moz-background-size:cover;-o-background-size:cover;background-size:cover;padding: 0px 0px 0px 0px;\"><style type=\"text\/css\">@media only screen and (max-width:1200px) {.fusion-title.fusion-title-1{margin-top:10px!important; margin-right:0px!important;margin-bottom:-10px!important;margin-left:0px!important;}}@media only screen and (max-width:700px) {.fusion-title.fusion-title-1{margin-top:10px!important; margin-right:0px!important;margin-bottom:10px!important; margin-left:0px!important;}}<\/style><div class=\"fusion-title title fusion-title-1 fusion-sep-none fusion-title-text fusion-title-size-one\" style=\"margin-top:10px;margin-right:0px;margin-bottom:-10px;margin-left:0px;\"><h1 class=\"title-heading-left\" style=\"margin:0;\"><h1>Rose Baker<\/h1><\/h1><\/div><div class=\"fusion-text fusion-text-1\"><h3 style=\"font-size: 25px;\"><em>Vice-pr\u00e9sident associ\u00e9, march\u00e9s des capitaux priv\u00e9s<\/em><\/h3>\n<\/div><div class=\"fusion-separator fusion-full-width-sep\" style=\"align-self: center;margin-left: auto;margin-right: auto;margin-top:-5px;margin-bottom:5px;width:100%;\"><\/div><div class=\"fusion-text fusion-text-2\"><p>Rose est actuellement en cong\u00e9 de maternit\u00e9. En son absence, Marco Accardo soutiendra ses clients. Veuillez le contacter \u00e0 l&#8217;adresse <a href=\"mailto:maccardo@equiton.com\">maccardo@equiton.com<\/a> pour toute question.  <\/p>\n<p>Rose is an exceptional business professional, with a strong record of accomplishment in building and maintaining client relationships. Elle est ax\u00e9e sur les r\u00e9sultats et d\u00e9passe r\u00e9guli\u00e8rement les objectifs fix\u00e9s, ce qui t\u00e9moigne de sa capacit\u00e9 \u00e0 s\u2019acquitter de ses responsabilit\u00e9s et \u00e0 d\u00e9passer les attentes.<\/p>\n<p>En tant que vice-pr\u00e9sidente associ\u00e9e des march\u00e9s des capitaux, Rose offre aux investisseurs des solutions distinctives et compl\u00e8tes, adapt\u00e9es \u00e0 leurs besoins financiers sp\u00e9cifiques. Parall\u00e8lement, elle dirige l\u2019\u00e9quipe de sp\u00e9cialistes en investissement, veillant \u00e0 l\u2019ex\u00e9cution harmonieuse des strat\u00e9gies et \u00e0 l\u2019obtention des r\u00e9sultats souhait\u00e9s. Rose est titulaire d\u2019un dipl\u00f4me d\u2019\u00e9tudes commerciales de la Lawrence Kinlin School of Business et poss\u00e8de plus d\u2019une d\u00e9cennie d\u2019exp\u00e9rience dans le d\u00e9veloppement des entreprises.<\/p>\n<\/div><\/div><style type=\"text\/css\">.fusion-body .fusion-builder-column-1{width:60% !important;margin-top : 0px;margin-bottom : 20px;}.fusion-builder-column-1 > .fusion-column-wrapper {padding-top : 0px !important;padding-right : 0px !important;margin-right : 3.2%;padding-bottom : 0px !important;padding-left : 0px !important;margin-left : 3.2%;}@media only screen and (max-width:1200px) {.fusion-body .fusion-builder-column-1{width:60% !important;order : 0;}.fusion-builder-column-1 > .fusion-column-wrapper {margin-right : 3.2%;margin-left : 3.2%;}}@media only screen and (max-width:700px) {.fusion-body .fusion-builder-column-1{width:100% !important;order : 0;}.fusion-builder-column-1 > .fusion-column-wrapper {margin-right : 1.92%;margin-left : 1.92%;}}<\/style><\/div><\/div><style type=\"text\/css\">.fusion-body .fusion-flex-container.fusion-builder-row-1{ padding-top : 0px;margin-top : 0px;padding-right : 0px;padding-bottom : 0px;margin-bottom : 0px;padding-left : 0px;}<\/style><\/div>\n","protected":false},"excerpt":{"rendered":"","protected":false},"author":6,"featured_media":0,"parent":19403,"menu_order":0,"comment_status":"closed","ping_status":"closed","template":"","meta":{"_acf_changed":false,"om_disable_all_campaigns":false,"inline_featured_image":false,"footnotes":"","_links_to":"","_links_to_target":""},"class_list":["post-35235","page","type-page","status-publish","hentry"],"acf":[],"yoast_head":"<!-- This site is optimized with the Yoast SEO Premium plugin v27.4 (Yoast SEO v27.4) - https:\/\/yoast.com\/product\/yoast-seo-premium-wordpress\/ -->\n<title>Rose Baker<\/title>\n<meta name=\"robots\" content=\"index, follow, max-snippet:-1, max-image-preview:large, max-video-preview:-1\" \/>\n<link rel=\"canonical\" href=\"https:\/\/equiton.com\/fr\/investisseurs-individuels\/a-propos-dequiton\/equipes\/bio\/rose-baker\/\" \/>\n<meta property=\"og:locale\" content=\"fr_CA\" \/>\n<meta property=\"og:type\" content=\"article\" \/>\n<meta property=\"og:title\" content=\"Rose Baker\" \/>\n<meta property=\"og:url\" content=\"https:\/\/equiton.com\/fr\/investisseurs-individuels\/a-propos-dequiton\/equipes\/bio\/rose-baker\/\" \/>\n<meta property=\"og:site_name\" content=\"Equiton\" \/>\n<meta property=\"article:publisher\" content=\"https:\/\/www.facebook.com\/equitoninc\" \/>\n<meta property=\"article:modified_time\" content=\"2025-05-05T13:25:29+00:00\" \/>\n<meta name=\"twitter:card\" content=\"summary_large_image\" \/>\n<meta name=\"twitter:site\" content=\"@EquitonInc\" \/>\n<meta name=\"twitter:label1\" content=\"Estimation du temps de lecture\" \/>\n\t<meta name=\"twitter:data1\" content=\"8 minutes\" \/>\n<script type=\"application\/ld+json\" class=\"yoast-schema-graph\">{\"@context\":\"https:\\\/\\\/schema.org\",\"@graph\":[{\"@type\":\"WebPage\",\"@id\":\"https:\\\/\\\/equiton.com\\\/fr\\\/investisseurs-individuels\\\/a-propos-dequiton\\\/equipes\\\/bio\\\/rose-baker\\\/\",\"url\":\"https:\\\/\\\/equiton.com\\\/fr\\\/investisseurs-individuels\\\/a-propos-dequiton\\\/equipes\\\/bio\\\/rose-baker\\\/\",\"name\":\"Rose Baker\",\"isPartOf\":{\"@id\":\"https:\\\/\\\/equiton.com\\\/fr\\\/#website\"},\"datePublished\":\"2023-09-25T13:27:25+00:00\",\"dateModified\":\"2025-05-05T13:25:29+00:00\",\"breadcrumb\":{\"@id\":\"https:\\\/\\\/equiton.com\\\/fr\\\/investisseurs-individuels\\\/a-propos-dequiton\\\/equipes\\\/bio\\\/rose-baker\\\/#breadcrumb\"},\"inLanguage\":\"fr-CA\",\"potentialAction\":[{\"@type\":\"ReadAction\",\"target\":[\"https:\\\/\\\/equiton.com\\\/fr\\\/investisseurs-individuels\\\/a-propos-dequiton\\\/equipes\\\/bio\\\/rose-baker\\\/\"]}]},{\"@type\":\"BreadcrumbList\",\"@id\":\"https:\\\/\\\/equiton.com\\\/fr\\\/investisseurs-individuels\\\/a-propos-dequiton\\\/equipes\\\/bio\\\/rose-baker\\\/#breadcrumb\",\"itemListElement\":[{\"@type\":\"ListItem\",\"position\":1,\"name\":\"Home\",\"item\":\"https:\\\/\\\/equiton.com\\\/fr\\\/\"},{\"@type\":\"ListItem\",\"position\":2,\"name\":\"Investisseurs individuels\",\"item\":\"https:\\\/\\\/equiton.com\\\/fr\\\/individual-investors\\\/\"},{\"@type\":\"ListItem\",\"position\":3,\"name\":\"\u00c0 propos d&#8217;Equiton\",\"item\":\"https:\\\/\\\/equiton.com\\\/fr\\\/individual-investors\\\/about-private-real-estate\\\/\"},{\"@type\":\"ListItem\",\"position\":4,\"name\":\"\u00c9quipes\",\"item\":\"https:\\\/\\\/equiton.com\\\/fr\\\/individual-investors\\\/about-private-real-estate\\\/team\\\/\"},{\"@type\":\"ListItem\",\"position\":5,\"name\":\"Bio\",\"item\":\"https:\\\/\\\/equiton.com\\\/fr\\\/investisseurs-individuels\\\/a-propos-dequiton\\\/equipes\\\/bio\\\/\"},{\"@type\":\"ListItem\",\"position\":6,\"name\":\"Rose Baker\"}]},{\"@type\":\"WebSite\",\"@id\":\"https:\\\/\\\/equiton.com\\\/fr\\\/#website\",\"url\":\"https:\\\/\\\/equiton.com\\\/fr\\\/\",\"name\":\"Equiton\",\"description\":\"\",\"publisher\":{\"@id\":\"https:\\\/\\\/equiton.com\\\/fr\\\/#organization\"},\"potentialAction\":[{\"@type\":\"SearchAction\",\"target\":{\"@type\":\"EntryPoint\",\"urlTemplate\":\"https:\\\/\\\/equiton.com\\\/fr\\\/?s={search_term_string}\"},\"query-input\":{\"@type\":\"PropertyValueSpecification\",\"valueRequired\":true,\"valueName\":\"search_term_string\"}}],\"inLanguage\":\"fr-CA\"},{\"@type\":\"Organization\",\"@id\":\"https:\\\/\\\/equiton.com\\\/fr\\\/#organization\",\"name\":\"Equiton\",\"url\":\"https:\\\/\\\/equiton.com\\\/fr\\\/\",\"logo\":{\"@type\":\"ImageObject\",\"inLanguage\":\"fr-CA\",\"@id\":\"https:\\\/\\\/equiton.com\\\/fr\\\/#\\\/schema\\\/logo\\\/image\\\/\",\"url\":\"https:\\\/\\\/equiton.com\\\/wp-content\\\/uploads\\\/2022\\\/06\\\/Equiton-Logo-Placeholder.jpg\",\"contentUrl\":\"https:\\\/\\\/equiton.com\\\/wp-content\\\/uploads\\\/2022\\\/06\\\/Equiton-Logo-Placeholder.jpg\",\"width\":455,\"height\":312,\"caption\":\"Equiton\"},\"image\":{\"@id\":\"https:\\\/\\\/equiton.com\\\/fr\\\/#\\\/schema\\\/logo\\\/image\\\/\"},\"sameAs\":[\"https:\\\/\\\/www.facebook.com\\\/equitoninc\",\"https:\\\/\\\/x.com\\\/EquitonInc\",\"https:\\\/\\\/ca.linkedin.com\\\/company\\\/equiton-partners\",\"https:\\\/\\\/www.instagram.com\\\/equitoninc\\\/\",\"https:\\\/\\\/www.youtube.com\\\/channel\\\/UC4ro7mDHFhzZX31YZ88Fg6Q\"],\"description\":\"Equiton invests in residential and commercial properties and have significant and growing assets under management. Our exponential growth is a direct result of our leadership team\u2019s deep understanding of real estate investing, and their expertise in navigating the real estate industry to produce long-term wealth for our investors. We have the resources and expertise to find the right properties, perform the proper due diligence and build strong relationships. We ensure our properties continue to increase in value by actively managing each property. In essence, we know what to buy to generate value for our investors.\",\"email\":\"inquiries@equiton.com\",\"telephone\":\"9056351381\",\"legalName\":\"Equiton Inc.\",\"foundingDate\":\"2015-01-01\",\"taxID\":\"BN\",\"duns\":\"203513643\",\"naics\":\"523920\",\"numberOfEmployees\":{\"@type\":\"QuantitativeValue\",\"minValue\":\"201\",\"maxValue\":\"500\"}}]}<\/script>\n<!-- \/ Yoast SEO Premium plugin. -->","yoast_head_json":{"title":"Rose Baker","robots":{"index":"index","follow":"follow","max-snippet":"max-snippet:-1","max-image-preview":"max-image-preview:large","max-video-preview":"max-video-preview:-1"},"canonical":"https:\/\/equiton.com\/fr\/investisseurs-individuels\/a-propos-dequiton\/equipes\/bio\/rose-baker\/","og_locale":"fr_CA","og_type":"article","og_title":"Rose Baker","og_url":"https:\/\/equiton.com\/fr\/investisseurs-individuels\/a-propos-dequiton\/equipes\/bio\/rose-baker\/","og_site_name":"Equiton","article_publisher":"https:\/\/www.facebook.com\/equitoninc","article_modified_time":"2025-05-05T13:25:29+00:00","twitter_card":"summary_large_image","twitter_site":"@EquitonInc","twitter_misc":{"Estimation du temps de lecture":"8 minutes"},"schema":{"@context":"https:\/\/schema.org","@graph":[{"@type":"WebPage","@id":"https:\/\/equiton.com\/fr\/investisseurs-individuels\/a-propos-dequiton\/equipes\/bio\/rose-baker\/","url":"https:\/\/equiton.com\/fr\/investisseurs-individuels\/a-propos-dequiton\/equipes\/bio\/rose-baker\/","name":"Rose Baker","isPartOf":{"@id":"https:\/\/equiton.com\/fr\/#website"},"datePublished":"2023-09-25T13:27:25+00:00","dateModified":"2025-05-05T13:25:29+00:00","breadcrumb":{"@id":"https:\/\/equiton.com\/fr\/investisseurs-individuels\/a-propos-dequiton\/equipes\/bio\/rose-baker\/#breadcrumb"},"inLanguage":"fr-CA","potentialAction":[{"@type":"ReadAction","target":["https:\/\/equiton.com\/fr\/investisseurs-individuels\/a-propos-dequiton\/equipes\/bio\/rose-baker\/"]}]},{"@type":"BreadcrumbList","@id":"https:\/\/equiton.com\/fr\/investisseurs-individuels\/a-propos-dequiton\/equipes\/bio\/rose-baker\/#breadcrumb","itemListElement":[{"@type":"ListItem","position":1,"name":"Home","item":"https:\/\/equiton.com\/fr\/"},{"@type":"ListItem","position":2,"name":"Investisseurs individuels","item":"https:\/\/equiton.com\/fr\/individual-investors\/"},{"@type":"ListItem","position":3,"name":"\u00c0 propos d&#8217;Equiton","item":"https:\/\/equiton.com\/fr\/individual-investors\/about-private-real-estate\/"},{"@type":"ListItem","position":4,"name":"\u00c9quipes","item":"https:\/\/equiton.com\/fr\/individual-investors\/about-private-real-estate\/team\/"},{"@type":"ListItem","position":5,"name":"Bio","item":"https:\/\/equiton.com\/fr\/investisseurs-individuels\/a-propos-dequiton\/equipes\/bio\/"},{"@type":"ListItem","position":6,"name":"Rose Baker"}]},{"@type":"WebSite","@id":"https:\/\/equiton.com\/fr\/#website","url":"https:\/\/equiton.com\/fr\/","name":"Equiton","description":"","publisher":{"@id":"https:\/\/equiton.com\/fr\/#organization"},"potentialAction":[{"@type":"SearchAction","target":{"@type":"EntryPoint","urlTemplate":"https:\/\/equiton.com\/fr\/?s={search_term_string}"},"query-input":{"@type":"PropertyValueSpecification","valueRequired":true,"valueName":"search_term_string"}}],"inLanguage":"fr-CA"},{"@type":"Organization","@id":"https:\/\/equiton.com\/fr\/#organization","name":"Equiton","url":"https:\/\/equiton.com\/fr\/","logo":{"@type":"ImageObject","inLanguage":"fr-CA","@id":"https:\/\/equiton.com\/fr\/#\/schema\/logo\/image\/","url":"https:\/\/equiton.com\/wp-content\/uploads\/2022\/06\/Equiton-Logo-Placeholder.jpg","contentUrl":"https:\/\/equiton.com\/wp-content\/uploads\/2022\/06\/Equiton-Logo-Placeholder.jpg","width":455,"height":312,"caption":"Equiton"},"image":{"@id":"https:\/\/equiton.com\/fr\/#\/schema\/logo\/image\/"},"sameAs":["https:\/\/www.facebook.com\/equitoninc","https:\/\/x.com\/EquitonInc","https:\/\/ca.linkedin.com\/company\/equiton-partners","https:\/\/www.instagram.com\/equitoninc\/","https:\/\/www.youtube.com\/channel\/UC4ro7mDHFhzZX31YZ88Fg6Q"],"description":"Equiton invests in residential and commercial properties and have significant and growing assets under management. Our exponential growth is a direct result of our leadership team\u2019s deep understanding of real estate investing, and their expertise in navigating the real estate industry to produce long-term wealth for our investors. We have the resources and expertise to find the right properties, perform the proper due diligence and build strong relationships. We ensure our properties continue to increase in value by actively managing each property. In essence, we know what to buy to generate value for our investors.","email":"inquiries@equiton.com","telephone":"9056351381","legalName":"Equiton Inc.","foundingDate":"2015-01-01","taxID":"BN","duns":"203513643","naics":"523920","numberOfEmployees":{"@type":"QuantitativeValue","minValue":"201","maxValue":"500"}}]}},"_links":{"self":[{"href":"https:\/\/equiton.com\/fr\/wp-json\/wp\/v2\/pages\/35235","targetHints":{"allow":["GET"]}}],"collection":[{"href":"https:\/\/equiton.com\/fr\/wp-json\/wp\/v2\/pages"}],"about":[{"href":"https:\/\/equiton.com\/fr\/wp-json\/wp\/v2\/types\/page"}],"author":[{"embeddable":true,"href":"https:\/\/equiton.com\/fr\/wp-json\/wp\/v2\/users\/6"}],"replies":[{"embeddable":true,"href":"https:\/\/equiton.com\/fr\/wp-json\/wp\/v2\/comments?post=35235"}],"version-history":[{"count":0,"href":"https:\/\/equiton.com\/fr\/wp-json\/wp\/v2\/pages\/35235\/revisions"}],"up":[{"embeddable":true,"href":"https:\/\/equiton.com\/fr\/wp-json\/wp\/v2\/pages\/19403"}],"wp:attachment":[{"href":"https:\/\/equiton.com\/fr\/wp-json\/wp\/v2\/media?parent=35235"}],"curies":[{"name":"wp","href":"https:\/\/api.w.org\/{rel}","templated":true}]}}